{"id":2,"date":"2024-12-17T23:52:21","date_gmt":"2024-12-17T22:52:21","guid":{"rendered":"http:\/\/rockandguitars.fr\/?page_id=2"},"modified":"2025-05-22T17:50:52","modified_gmt":"2025-05-22T15:50:52","slug":"page-d-exemple","status":"publish","type":"page","link":"https:\/\/rockandguitars.fr\/?page_id=2","title":{"rendered":"Premi\u00e8re publication"},"content":{"rendered":"\n<div class=\"wp-block-columns is-layout-flex wp-container-core-columns-is-layout-9d6595d7 wp-block-columns-is-layout-flex\">\n<div class=\"wp-block-column is-layout-flow wp-block-column-is-layout-flow\" style=\"flex-basis:100%\">\n<p class=\"has-text-align-center has-small-font-size\">Au cours de mes derni\u00e8res ann\u00e9es \u00e0 l&rsquo;ESSEC, en tant qu&rsquo;\u00e9tudiants nous avons eu la chance de fournir beaucoup de projets, que ce soit m\u00e9moires ou rapports. Voici ci-dessous un m\u00e9moire de recherche sur l&rsquo;impact des v\u00e9hicules \u00e9lectriques sur les constructeurs automobiles Fran\u00e7ais. <\/p>\n<\/div>\n<\/div>\n\n\n\n<p><\/p>\n","protected":false},"excerpt":{"rendered":"<p>Au cours de mes derni\u00e8res ann\u00e9es \u00e0 l&rsquo;ESSEC, en tant qu&rsquo;\u00e9tudiants nous avons eu la chance de fournir beaucoup de projets, que ce soit m\u00e9moires ou rapports. Voici ci-dessous un &#8230;<\/p>\n","protected":false},"author":1,"featured_media":0,"parent":0,"menu_order":0,"comment_status":"closed","ping_status":"open","template":"","meta":{"footnotes":""},"class_list":["post-2","page","type-page","status-publish","hentry"],"_links":{"self":[{"href":"https:\/\/rockandguitars.fr\/index.php?rest_route=\/wp\/v2\/pages\/2","targetHints":{"allow":["GET"]}}],"collection":[{"href":"https:\/\/rockandguitars.fr\/index.php?rest_route=\/wp\/v2\/pages"}],"about":[{"href":"https:\/\/rockandguitars.fr\/index.php?rest_route=\/wp\/v2\/types\/page"}],"author":[{"embeddable":true,"href":"https:\/\/rockandguitars.fr\/index.php?rest_route=\/wp\/v2\/users\/1"}],"replies":[{"embeddable":true,"href":"https:\/\/rockandguitars.fr\/index.php?rest_route=%2Fwp%2Fv2%2Fcomments&post=2"}],"version-history":[{"count":1,"href":"https:\/\/rockandguitars.fr\/index.php?rest_route=\/wp\/v2\/pages\/2\/revisions"}],"predecessor-version":[{"id":10,"href":"https:\/\/rockandguitars.fr\/index.php?rest_route=\/wp\/v2\/pages\/2\/revisions\/10"}],"wp:attachment":[{"href":"https:\/\/rockandguitars.fr\/index.php?rest_route=%2Fwp%2Fv2%2Fmedia&parent=2"}],"curies":[{"name":"wp","href":"https:\/\/api.w.org\/{rel}","templated":true}]}}